{"id":230,"date":"2023-07-20T11:58:59","date_gmt":"2023-07-20T09:58:59","guid":{"rendered":"https:\/\/www.friedberger-kalender.de\/?page_id=230"},"modified":"2023-10-18T15:43:40","modified_gmt":"2023-10-18T13:43:40","slug":"upload_2023","status":"publish","type":"page","link":"https:\/\/www.friedberger-kalender.de\/","title":{"rendered":"Ohne Titel"},"content":{"rendered":"\n<figure class=\"wp-block-gallery has-nested-images columns-default is-cropped wp-block-gallery-1 is-layout-flex wp-block-gallery-is-layout-flex\">\n<figure class=\"wp-block-image size-large\"><img loading=\"lazy\" decoding=\"async\" width=\"1024\" height=\"853\" data-id=\"253\" src=\"https:\/\/www.friedberger-kalender.de\/wp-content\/uploads\/2023\/09\/FDB_Kal_2023-1024x853.jpg\" alt=\"\" class=\"wp-image-253\" srcset=\"https:\/\/www.friedberger-kalender.de\/wp-content\/uploads\/2023\/09\/FDB_Kal_2023-1024x853.jpg 1024w, https:\/\/www.friedberger-kalender.de\/wp-content\/uploads\/2023\/09\/FDB_Kal_2023-300x250.jpg 300w, https:\/\/www.friedberger-kalender.de\/wp-content\/uploads\/2023\/09\/FDB_Kal_2023-768x640.jpg 768w, https:\/\/www.friedberger-kalender.de\/wp-content\/uploads\/2023\/09\/FDB_Kal_2023-1536x1280.jpg 1536w, https:\/\/www.friedberger-kalender.de\/wp-content\/uploads\/2023\/09\/FDB_Kal_2023-1568x1306.jpg 1568w, https:\/\/www.friedberger-kalender.de\/wp-content\/uploads\/2023\/09\/FDB_Kal_2023.jpg 2048w\" sizes=\"auto, (max-width: 1024px) 100vw, 1024px\" \/><\/figure>\n<\/figure>\n\n\n\n<p class=\"has-text-align-center has-black-color has-text-color\"><strong>Willkommen auf der Seite des diesj\u00e4hrigen Friedberger-Kalenders <\/strong><\/p>\n\n\n\n<p class=\"has-text-align-center has-black-color has-text-color has-small-font-size\">Hier kannst du deine Fotos von Friedberg hochladen. Mit etwas Gl\u00fcck kannst du mit deinem Foto dazu beitragen, viele Menschen mit einem sch\u00f6nen Kalender zu erfreuen und gleichzeitig etwas Gutes tun &#8211; denn wie auch im letzten Jahr wird der komplette Erl\u00f6s an lokale soziale Zwecke gespendet!<\/p>\n\n\n\n<p class=\"has-text-align-center\" style=\"font-size:12px;line-height:1.3\">Mit dem Hochladen eines oder mehrerer Bilder stimme ich der \u00dcbertragung der Nutzungsrechten f\u00fcr das Projekt \u201eFriedberger Kalender 2023\u201c zu. Der Urheber versichert, dass er der alleinige Inhaber aller uneingeschr\u00e4nkten Rechte an den zu \u00fcberlassenden Aufnahmen ist und damit berechtigt ist, dem Lizenznehmer die vertragsgegenst\u00e4ndlichen Nutzungsrechte an den aufgef\u00fchrten Werken einzur\u00e4umen. Es werden Nutzungsrechte f\u00fcr den gedruckten Fotokalender (Verwendung in gedrucktem Fotokalender. Innerhalb der gleichen Unternehmung ist die mehrmalige Verwendung gestattet.) und f\u00fcr die Bewerbung des Fotokalenders (Verwendung f\u00fcr die Bewerbung des Fotokalenders in Print- und Onlinemedien.) gestattet. Die Fotoaufnahmen k\u00f6nnen vom Lizenznehmer f\u00fcr seinen Verwendungszweck geringf\u00fcgig abge\u00e4ndert werden. Nicht gestattet sind insbesondere Ab\u00e4nderungen, welche die urspr\u00fcngliche Bildaussage so entstellen, dass dem Urheber pers\u00f6nliche Nachteile wie beispielsweise Rufsch\u00e4digung auferlegt werden sowie Ab\u00e4nderungen, die durch weitere Rechte (z. B. Pers\u00f6nlichkeitsrecht, Markenrecht) eingeschr\u00e4nkt und untersagt sind.<\/p>\n\n\n\n<h6 class=\"wp-block-heading has-text-align-center\">Bitte ladet die bestm\u00f6gliche Qualit\u00e4t der Bilder hoch, die ihr habt. Bilder mit zu geringer Aufl\u00f6sung k\u00f6nnen leider nicht verwendet werden. Zul\u00e4ssige Formate: PNG, JPG<\/h6>\n\n\n<p>[wordpress_file_upload placements=&#8220;userdata\/userdata\/userdata\/progressbar+message\/selectbutton+uploadbutton&#8220; widths=&#8220;userdata:650px, message:400px&#8220; userdata=&#8220;true&#8220; userdatalabel=&#8220;Dein Name|t:text|s:top|r:1|a:0|p:inline|d:\/Deine E-Mail-Adresse|t:text|s:top|r:1|a:0|p:right|d:&#8220; userdatalabel2=&#8220;Deine Nachricht an uns :-)|t:multitext|s:top|r:0|p:inline&#8220; userdatalabel3=&#8220;Teilnahmebedingungen aktzepieren|t:checkbox|s:bottom|r:1|a:0|p:right|d:|l:|f:right&#8220;]<\/p>\n","protected":false},"excerpt":{"rendered":"<p>Willkommen auf der Seite des diesj\u00e4hrigen Friedberger-Kalenders Hier kannst du deine Fotos von Friedberg hochladen. Mit etwas Gl\u00fcck kannst du mit deinem Foto dazu beitragen, viele Menschen mit einem sch\u00f6nen Kalender zu erfreuen und gleichzeitig etwas Gutes tun &#8211; denn wie auch im letzten Jahr wird der komplette Erl\u00f6s an lokale soziale Zwecke gespendet! Mit&hellip; <a class=\"more-link\" href=\"https:\/\/www.friedberger-kalender.de\/\"><span class=\"screen-reader-text\">Ohne Titel<\/span> weiterlesen<\/a><\/p>\n","protected":false},"author":1,"featured_media":240,"parent":0,"menu_order":0,"comment_status":"closed","ping_status":"closed","template":"","meta":{"footnotes":""},"class_list":["post-230","page","type-page","status-publish","has-post-thumbnail","hentry","entry"],"_links":{"self":[{"href":"https:\/\/www.friedberger-kalender.de\/index.php?rest_route=\/wp\/v2\/pages\/230","targetHints":{"allow":["GET"]}}],"collection":[{"href":"https:\/\/www.friedberger-kalender.de\/index.php?rest_route=\/wp\/v2\/pages"}],"about":[{"href":"https:\/\/www.friedberger-kalender.de\/index.php?rest_route=\/wp\/v2\/types\/page"}],"author":[{"embeddable":true,"href":"https:\/\/www.friedberger-kalender.de\/index.php?rest_route=\/wp\/v2\/users\/1"}],"replies":[{"embeddable":true,"href":"https:\/\/www.friedberger-kalender.de\/index.php?rest_route=%2Fwp%2Fv2%2Fcomments&post=230"}],"version-history":[{"count":18,"href":"https:\/\/www.friedberger-kalender.de\/index.php?rest_route=\/wp\/v2\/pages\/230\/revisions"}],"predecessor-version":[{"id":348,"href":"https:\/\/www.friedberger-kalender.de\/index.php?rest_route=\/wp\/v2\/pages\/230\/revisions\/348"}],"wp:featuredmedia":[{"embeddable":true,"href":"https:\/\/www.friedberger-kalender.de\/index.php?rest_route=\/wp\/v2\/media\/240"}],"wp:attachment":[{"href":"https:\/\/www.friedberger-kalender.de\/index.php?rest_route=%2Fwp%2Fv2%2Fmedia&parent=230"}],"curies":[{"name":"wp","href":"https:\/\/api.w.org\/{rel}","templated":true}]}}